{"id":5194,"date":"2014-07-30T18:59:27","date_gmt":"2014-07-30T16:59:27","guid":{"rendered":"https:\/\/website.polishcitizenship.pl\/pt-pt\/contact-2\/"},"modified":"2023-03-27T12:15:39","modified_gmt":"2023-03-27T10:15:39","slug":"contato-cidadania-polonesa","status":"publish","type":"page","link":"https:\/\/polishcitizenship.pl\/pt-pt\/contato-cidadania-polonesa\/","title":{"rendered":"CONTATO"},"content":{"rendered":"<section id=\"eluid0c2000d5\" class=\"zn_section eluid0c2000d5 zn_section--relative section--no \">\n<div class=\"zn_section_size container\">\n<div class=\"row zn_columns_container zn_content \" data-droplevel=\"1\">\n<div class=\"eluid8dbf6994 col-md-12 col-sm-12 zn_sortable_content zn_content \" data-droplevel=\"2\">\n<div class=\"kl-title-block clearfix tbk--text- tbk--center text-center tbk-symbol-- tbk-icon-pos--after-title eluid55d6cbc4 \">\n<h4 class=\"tbk__subtitle\"><span class=\"fw-thin\"><span class=\"fw-thin\">Contato<\/span><\/span><\/h4>\n<\/div>\n<div class=\"zn_buttons_element eluidb3b50872 text-center \"><a class=\"btn-element btn btn-fullcolor btn-lg zn_dummy_value btn-icon--before btn--rounded\" href=\"https:\/\/polishcitizenship.pl\/pt-pt\/elegibilidade-cidadania-polonesa\/#freeelegibilitycheck\" target=\"_self\" rel=\"noopener\">\u00a0 VERIFIQUE SUA ELEGIBILIDADE AGORA<\/a><\/div>\n<\/div>\n<\/div>\n<\/div>\n<\/section>\n<section id=\"eluid37b1457b\" class=\"zn_section eluid37b1457b section--no \">\n<div class=\"zn_section_size container\">\n<div class=\"row zn_columns_container zn_content \" data-droplevel=\"1\">\n<div class=\"eluid3949c0dd col-md-12 col-sm-12 zn_sortable_content zn_content \" data-droplevel=\"2\">\n<div class=\"callout-banner clearfix eluida2a9d4ca hidecocta calloutbanner--light element-scheme--light\">\n<div class=\"row\">\n<div class=\"col-sm-10\">\n<h1 class=\"m_title m_title_ext text-custom callout-banner-title\"><strong>Entre em Contato<\/strong><\/h1>\n<h3>Por favor descreva sucintamente a hist\u00f3ria de emigra\u00e7\u00e3o da sua fam\u00edlia no formul\u00e1rio de contato abaixo. Cada caso ser\u00e1 analisado cuidadosamente e se necess\u00e1rio consultado junto as autoridades polonesas pertinentes, com quem temos uma rela\u00e7\u00e3o pr\u00f3xima e de coopera\u00e7\u00e3o por muitos anos: <a href=\"http:\/\/www.mazowieckie.pl\/en\/for-foreigners-1\/citizenship\/confirmation-of-posses\" target=\"_blank\" rel=\"noopener\">MASOVIAN VOIVODA<\/a>, <a href=\"https:\/\/mswia.gov.pl\/en\" target=\"_blank\" rel=\"noopener\">MINIST\u00c9RIO DO INTERIOR E ADMINISTRA\u00c7\u00c3O<\/a>, <a href=\"http:\/\/www.usc.pl\/\" target=\"_blank\" rel=\"noopener\">CART\u00d3RIOS DE REGISTROS CIVIS<\/a> e<a href=\"http:\/\/www.archiwa.gov.pl\/#\" target=\"_blank\" rel=\"noopener\">ARQUIVOS P\u00daBLICOS<\/a>. Voc\u00ea pode tamb\u00e9m preencher o <a href=\"https:\/\/polishcitizenship.pl\/wp-content\/uploads\/2014\/10\/Wniosek-ENG.docx\" target=\"_blank\" rel=\"noopener\">FORMUL\u00c1RIO<\/a> oficial de confirma\u00e7\u00e3o da cidadania polonesa em ingl\u00eas.<\/h3>\n<\/div>\n<\/div>\n<\/div>\n<div class=\"zn_custom_html eluid1f9a1c7b\"><\/div>\n<div id=\"contactform\" class=\"zn_anchor_point \"><\/div>\n<div class=\"zn_separator clearfix eluiddfba379e \"><\/div>\n<div class=\"zn_text_box eluid2bb30719 polishcitizenship zn_text_box-light element-scheme--light\">\n<div id=\"gform_wrapper_3\" class=\"gf_browser_chrome gform_wrapper eligibility_wrapper\">\n<form id=\"gform_3\" class=\"eligibility\" action=\"https:\/\/polishcitizenship.pl\/pt-pt\/contato-cidadania-polonesa\/\" enctype=\"multipart\/form-data\" method=\"post\">\n<div class=\"gform_body\">\n<ul id=\"gform_fields_3\" class=\"gform_fields top_label form_sublabel_below description_below\">\n<li id=\"field_3_1\" class=\"gfield gfield_contains_required field_sublabel_below field_description_below\"><label class=\"gfield_label\" for=\"input_3_1_3\">Nome<span class=\"gfield_required\">*<\/span><\/label>\n<div id=\"input_3_1\" class=\"ginput_complex ginput_container no_prefix has_first_name no_middle_name has_last_name no_suffix gf_name_has_2 ginput_container_name\"><span id=\"input_3_1_3_container\" class=\"name_first\"><input id=\"input_3_1_3\" tabindex=\"2\" name=\"input_1.3\" type=\"text\" value=\"\" \/> <label for=\"input_3_1_3\">Primeiro Nome<\/label> <\/span><span id=\"input_3_1_6_container\" class=\"name_last\"><input id=\"input_3_1_6\" tabindex=\"4\" name=\"input_1.6\" type=\"text\" value=\"\" \/> <label for=\"input_3_1_6\">Sobrenome<\/label><\/span><\/div>\n<\/li>\n<li id=\"field_3_2\" class=\"gfield gfield_contains_required field_sublabel_below field_description_below\"><label class=\"gfield_label\" for=\"input_3_2\">Email [por favor, preste aten\u00e7\u00e3o para escrever o seu endere\u00e7o de e-mail sem erros! ]<span class=\"gfield_required\">*<\/span><\/label>\n<div class=\"ginput_container ginput_container_email\"><input id=\"input_3_2\" class=\"medium\" tabindex=\"6\" name=\"input_2\" type=\"email\" value=\"\" \/><\/div>\n<\/li>\n<li id=\"field_3_5\" class=\"gfield gfield_contains_required field_sublabel_below field_description_above\"><label class=\"gfield_label\" for=\"input_3_5\">Quando sua fam\u00edlia emigrou da Pol\u00f3nia?<span class=\"gfield_required\">*<\/span><\/label>\n<div class=\"gfield_description\">Por favor, escolha o per\u00edodo de tempo a partir do menu abaixo:<\/div>\n<div class=\"ginput_container ginput_container_select\"><select id=\"input_3_5\" class=\"small gfield_select\" tabindex=\"7\" name=\"input_5\"><option value=\"Antes de 1920\">Antes de 1920<\/option><option value=\"1920 - 1951\">1920 &#8211; 1951<\/option><option value=\"Depois de 1951\">Depois de 1951<\/option><\/select><\/div>\n<\/li>\n<li id=\"field_3_3\" class=\"gfield gfield_contains_required field_sublabel_below field_description_below\"><label class=\"gfield_label\" for=\"input_3_3\">Pa\u00eds de resid\u00eancia atual<span class=\"gfield_required\">*<\/span><\/label>\n<div class=\"ginput_container ginput_container_text\"><input id=\"input_3_3\" class=\"medium\" tabindex=\"8\" name=\"input_3\" type=\"text\" value=\"\" \/><\/div>\n<\/li>\n<li id=\"field_3_4\" class=\"gfield gfield_contains_required field_sublabel_below field_description_below\"><label class=\"gfield_label\" for=\"input_3_4\">Mensagem<span class=\"gfield_required\">*<\/span><\/label>\n<div class=\"ginput_container ginput_container_textarea\"><textarea id=\"input_3_4\" class=\"textarea medium\" tabindex=\"9\" cols=\"50\" name=\"input_4\" rows=\"10\"><\/textarea><\/div>\n<\/li>\n<\/ul>\n<\/div>\n<div class=\"gform_footer top_label\"><input id=\"gform_submit_button_3\" class=\"gform_button button\" tabindex=\"10\" type=\"submit\" value=\"Submit\" \/><\/div>\n<\/form>\n<\/div>\n<\/div>\n<div class=\"th-spacer clearfix eluid183f7535 \"><\/div>\n<div class=\"callout-banner clearfix eluid264682fd hidecocta calloutbanner--light element-scheme--light\">\n<div class=\"row\">\n<div class=\"col-sm-10\">\n<h3 class=\"m_title m_title_ext text-custom callout-banner-title\"><strong>O Pr\u00f3ximo Passo<\/strong><\/h3>\n<p>N\u00f3s vamos analisar suas informa\u00e7\u00f5es detalhadamente e contat\u00e1-lo posteriormente via e-mail com perguntas adicionais para confirmar sua elegibilidade. Voc\u00ea pode ler aqui sobre todos os passos do<a href=\"https:\/\/polishcitizenship.pl\/pt-pt\/processo-cidadania-polonesa\/#stepbysteppprocedure\"> PROCESSO<\/a>.<\/p>\n<\/div>\n<\/div>\n<\/div>\n<div class=\"callout-banner clearfix eluid30af244a hidecocta calloutbanner--light element-scheme--light\">\n<div class=\"row\">\n<div class=\"col-sm-10\">\n<h3 class=\"m_title m_title_ext text-custom callout-banner-title\"><strong>Documenta\u00e7\u00e3o<\/strong><\/h3>\n<p>Se voc\u00ea n\u00e3o possui documentos poloneses relevantes comprovando a cidadania polonesa do seu ancestral, a primeira coisa a fazer \u00e9 uma pesquisa nos arquivos na Pol\u00f4nia, Ucr\u00e2nia, Bielorr\u00fassia ou Litu\u00e2nia. Saiba mais aqui: <a href=\"https:\/\/polishcitizenship.pl\/pt-pt\/busca-documentos-cidadania-polonesa\/\">BUSCA POR DOCUMENTOS<\/a>. Sem documentos poloneses pertinentes n\u00e3o \u00e9 poss\u00edvel dar entrada na solicita\u00e7\u00e3o da confirma\u00e7\u00e3o de cidadania polonesa por descend\u00eancia. Caso voc\u00ea possua algum documento polon\u00eas, por favor envie c\u00f3pias por e-mail para: <a href=\"https:\/\/polishcitizenship.pl\/cdn-cgi\/l\/email-protection#3a5c5f48545b545e5b7a4a555653495259534e53405f544952534a144a56\">info@polishcitizenship.pl<\/a><\/p>\n<\/div>\n<\/div>\n<\/div>\n<div class=\"callout-banner clearfix eluid02c829b3 hidecocta calloutbanner--light element-scheme--light\">\n<div class=\"row\">\n<div class=\"col-sm-10\">\n<h3 class=\"m_title m_title_ext text-custom callout-banner-title\"><strong>Observe<\/strong><\/h3>\n<p>N\u00f3s somos peritos poloneses sediados em Vars\u00f3via, Pol\u00f4nia, e n\u00e3o somos vinculados a nenhum consulado ou embaixada da Pol\u00f4nia. Voc\u00ea pode se comunicar conosco em ingl\u00eas ou polon\u00eas. N\u00e3o fornecemos um servi\u00e7o gratuito, no entanto, orienta\u00e7\u00f5es iniciais e verifica\u00e7\u00e3o de elegibilidade n\u00e3o tem custo. Por favor sempre fa\u00e7a um agendamento pr\u00e9vio de uma liga\u00e7\u00e3o ou conversa por Skype atrav\u00e9s de nosso <a href=\"https:\/\/calendly.com\/fernanda-1\/\" target=\"_blank\" rel=\"noopener\">PAINEL DE AGENDAMENTO<\/a>.<\/p>\n<\/div>\n<\/div>\n<\/div>\n<div class=\"zn_buttons_element eluida0e19c89 text-center \"><a class=\"btn-element btn btn-fullcolor btn-lg zn_dummy_value btn-icon--before btn--rounded\" href=\"https:\/\/calendly.com\/fernanda-1\" target=\"_self\" rel=\"noopener\">\u00a0\u00a0AGENDE UMA CONSULTA COM UM ESPECIALISTA<\/a><\/div>\n<\/div>\n<\/div>\n<\/div>\n<\/section>\n<div id=\"phoneemailskype\" class=\"zn_anchor_point \"><\/div>\n<section id=\"eluid7ee63065\" class=\"zn_section eluid7ee63065 section--no \">\n<div class=\"zn_section_size container\"><\/div>\n<\/section>\n<p>&nbsp;<\/p>\n","protected":false},"excerpt":{"rendered":"<p>Contato \u00a0 VERIFIQUE SUA ELEGIBILIDADE AGORA Entre em Contato Por favor descreva sucintamente a hist\u00f3ria de emigra\u00e7\u00e3o da sua fam\u00edlia no formul\u00e1rio de contato abaixo. Cada caso ser\u00e1 analisado cuidadosamente e se necess\u00e1rio consultado junto as autoridades polonesas pertinentes, com quem temos uma rela\u00e7\u00e3o pr\u00f3xima e de coopera\u00e7\u00e3o por muitos anos: MASOVIAN VOIVODA, MINIST\u00c9RIO DO<\/p>\n","protected":false},"author":23,"featured_media":7834,"parent":0,"menu_order":0,"comment_status":"open","ping_status":"open","template":"","meta":{"two_page_speed":[],"footnotes":""},"class_list":["post-5194","page","type-page","status-publish","has-post-thumbnail","hentry"],"aioseo_notices":[],"_links":{"self":[{"href":"https:\/\/polishcitizenship.pl\/pt-pt\/wp-json\/wp\/v2\/pages\/5194","targetHints":{"allow":["GET"]}}],"collection":[{"href":"https:\/\/polishcitizenship.pl\/pt-pt\/wp-json\/wp\/v2\/pages"}],"about":[{"href":"https:\/\/polishcitizenship.pl\/pt-pt\/wp-json\/wp\/v2\/types\/page"}],"author":[{"embeddable":true,"href":"https:\/\/polishcitizenship.pl\/pt-pt\/wp-json\/wp\/v2\/users\/23"}],"replies":[{"embeddable":true,"href":"https:\/\/polishcitizenship.pl\/pt-pt\/wp-json\/wp\/v2\/comments?post=5194"}],"version-history":[{"count":0,"href":"https:\/\/polishcitizenship.pl\/pt-pt\/wp-json\/wp\/v2\/pages\/5194\/revisions"}],"wp:featuredmedia":[{"embeddable":true,"href":"https:\/\/polishcitizenship.pl\/pt-pt\/wp-json\/wp\/v2\/media\/7834"}],"wp:attachment":[{"href":"https:\/\/polishcitizenship.pl\/pt-pt\/wp-json\/wp\/v2\/media?parent=5194"}],"curies":[{"name":"wp","href":"https:\/\/api.w.org\/{rel}","templated":true}]}}