{"id":4957,"date":"2016-03-06T23:38:47","date_gmt":"2016-03-06T22:38:47","guid":{"rendered":"https:\/\/website.polishcitizenship.pl\/?page_id=4957"},"modified":"2023-06-26T03:04:52","modified_gmt":"2023-06-26T01:04:52","slug":"elegibilidade-cidadania-polonesa","status":"publish","type":"page","link":"https:\/\/polishcitizenship.pl\/pt-pt\/elegibilidade-cidadania-polonesa\/","title":{"rendered":"ELEGIBILIDADE"},"content":{"rendered":"<h1 style=\"color: #707070; text-align: justify;\">Elegibilidade &#8211; Cidadania Polonesa<\/h1>\n<h2 style=\"color: #707070; text-align: justify;\"><span id=\"result_box\" lang=\"en\">A legisla\u00e7\u00e3o\u00a0que rege a\u00a0elegibilidade \u00e0\u00a0cidadania polonesa \u00e9 baseada no\u00a0<em>direito de sangue<\/em>\u00a0\u00a0(<span style=\"text-decoration: underline;\"><a href=\"http:\/\/pt.wikipedia.org\/wiki\/Jus_sanguinis\" target=\"_blank\" rel=\"noopener\"><em>jus sanguinis<\/em><\/a><\/span>). Isso significa que\u00a0<strong>filhos de pais ou m\u00e3es que eram\u00a0cidad\u00e3os poloneses no momento de seu nascimento adquirem a cidadania polonesa legalmente<\/strong>. O local (pa\u00eds) de nascimento n\u00e3o \u00e9 relevante.\u00a0At\u00e9 19\/01\/1951, os filhos leg\u00edtimos de um casal polon\u00eas herdavam a cidadania do pai e, os ileg\u00edtimos, a cidadania da m\u00e3e.\u00a0Por esse motivo, muitas pessoas que descendem de imigrantes poloneses e hoje vivem nos mais diversos pa\u00edses do mundo t\u00eam direito \u00e0 cidadania polonesa e do <strong>passaporte <span style=\"text-decoration: underline;\">europeu<\/span><\/strong>. <span style=\"color: #ff0000;\">Por favor, note que casos de imigra\u00e7\u00e3o\u00a0<span style=\"text-decoration: underline;\"><strong>anteriores a 1920<\/strong><\/span>\u00a0n\u00e3o s\u00e3o imposs\u00edveis, porem s\u00e3o complicados e dif\u00edcil de provar. (Nem sempre n\u00f3s respondemos essas solicita\u00e7\u00f5es\u2026). Se seu antecessor migrou no in\u00edcio do s\u00e9culo 19 voc\u00ea\u00a0<span style=\"text-decoration: underline;\">n\u00e3o<\/span>\u00a0se qualifica.<\/span><br \/>\n<\/span><\/h2>\n<p>&nbsp;<\/p>\n<div class=\"redtext\"><\/div>\n<div class=\"redtext\"><em>https:\/\/polishcitizenship.pl\/pt-pt\/elegibilidade-cidadania-polonesa\/<\/em><\/div>\n[ Por favor, note que os casos de emigra\u00e7\u00e3o anteriores a 1920 n\u00e3o s\u00e3o imposs\u00edveis, entretanto s\u00e3o muito complexos e de dif\u00edcil comprova\u00e7\u00e3o. se os seus antepassados emigraram no s\u00e9culo 19, voc\u00ea provavelmente n\u00e3o se qualifica. ]\n<h3 style=\"text-align: center;\"><span class=\"heading-spacer\" style=\"color: #333333;\">Para que possamos\u00a0<span style=\"color: #0000ff;\"><strong>verificar sua elegibilidade<\/strong><\/span>\u00a0\u00e0 cidadania polonesa por descend\u00eancia, por favor, preencha o formul\u00e1rio abaixo (ele \u00e9 bem simples):<\/span><\/h3>\n<div class=\"extra-form form-content fNice\" style=\"text-align: center;\">[contact-form-7 id=&#8221;4577&#8243; title=&#8221;Contact form 1&#8243;]<\/div>\n<p style=\"color: #ff0000; text-align: justify;\"><span style=\"color: #333333;\"><span style=\"text-decoration: underline;\"><strong>AVISO<\/strong><\/span>: Somos despachantes\/expertos poloneses independentes, especializados em Cidadania Polonesa. Estamos baseados em Vars\u00f3via, Pol\u00f4nia. <span style=\"text-decoration: underline;\"><strong>N\u00e3o estamos vinculados a nenhum Consulado ou Embaixada polon\u00eas!<\/strong><\/span> Voc\u00ea pode se comunicar conosco em <strong>Ingl\u00eas<\/strong> (ou Polon\u00eas, \u00e9 claro). Este n\u00e3o \u00e9 um servi\u00e7o gratuito, por\u00e9m <strong>a consulta inicial para verifica\u00e7\u00e3o e elegibilidade de obten\u00e7\u00e3o da Cidadania Polonesa \u00e9 feita <span style=\"text-decoration: underline;\">gratuitamente<\/span><\/strong>.<br \/>\n<\/span><\/p>\n<h3 style=\"color: #ff0000; text-align: justify;\"><span style=\"text-decoration: underline;\"><strong>IMPORTANTE<\/strong><\/span>: Se voc\u00ea n\u00e3o possuir documentos poloneses pertinentes que comprovem seus antepassados de nacionalidade polonesa, <strong>a primeira coisa a fazer \u00e9 efetuar uma busca atr\u00e1s das documenta\u00e7\u00f5es<\/strong> na Pol\u00f4nia ou na Ucr\u00e2nia, Belarus, se a fam\u00edlia vem de l\u00e1. Vamos, naturalmente, lhe auxiliar com a pesquisa. <strong><span style=\"text-decoration: underline;\">Sem documentos poloneses adequados n\u00e3o \u00e9 poss\u00edvel solicitar a confirma\u00e7\u00e3o da nacionalidade polaca por descend\u00eancia!<\/span><\/strong> Se possuir alguns documentos poloneses por favor envie-nos as suas c\u00f3pias para examinar. Leia aqui: <span style=\"text-decoration: underline; color: #0000ff;\"><strong>[<a style=\"color: #0000ff; text-decoration: underline;\" href=\"https:\/\/website.polishcitizenship.pl\/pt-pt\/cidadania_polonesa_documentos\/\" target=\"_blank\" data-cke-saved-href=\"https:\/\/link.thunderpenny.com\/1x7kX\" rel=\"noopener\">DOCUMENTOS<\/a>]<\/strong><\/span><\/h3>\n","protected":false},"excerpt":{"rendered":"<p>Elegibilidade &#8211; Cidadania Polonesa A legisla\u00e7\u00e3o\u00a0que rege a\u00a0elegibilidade \u00e0\u00a0cidadania polonesa \u00e9 baseada no\u00a0direito de sangue\u00a0\u00a0(jus sanguinis). Isso significa que\u00a0filhos de pais ou m\u00e3es que eram\u00a0cidad\u00e3os poloneses no momento de seu nascimento adquirem a cidadania polonesa legalmente. O local (pa\u00eds) de nascimento n\u00e3o \u00e9 relevante.\u00a0At\u00e9 19\/01\/1951, os filhos leg\u00edtimos de um casal polon\u00eas herdavam a cidadania<\/p>\n","protected":false},"author":23,"featured_media":7834,"parent":0,"menu_order":0,"comment_status":"closed","ping_status":"open","template":"","meta":{"two_page_speed":[],"footnotes":""},"class_list":["post-4957","page","type-page","status-publish","has-post-thumbnail","hentry"],"aioseo_notices":[],"_links":{"self":[{"href":"https:\/\/polishcitizenship.pl\/pt-pt\/wp-json\/wp\/v2\/pages\/4957","targetHints":{"allow":["GET"]}}],"collection":[{"href":"https:\/\/polishcitizenship.pl\/pt-pt\/wp-json\/wp\/v2\/pages"}],"about":[{"href":"https:\/\/polishcitizenship.pl\/pt-pt\/wp-json\/wp\/v2\/types\/page"}],"author":[{"embeddable":true,"href":"https:\/\/polishcitizenship.pl\/pt-pt\/wp-json\/wp\/v2\/users\/23"}],"replies":[{"embeddable":true,"href":"https:\/\/polishcitizenship.pl\/pt-pt\/wp-json\/wp\/v2\/comments?post=4957"}],"version-history":[{"count":0,"href":"https:\/\/polishcitizenship.pl\/pt-pt\/wp-json\/wp\/v2\/pages\/4957\/revisions"}],"wp:featuredmedia":[{"embeddable":true,"href":"https:\/\/polishcitizenship.pl\/pt-pt\/wp-json\/wp\/v2\/media\/7834"}],"wp:attachment":[{"href":"https:\/\/polishcitizenship.pl\/pt-pt\/wp-json\/wp\/v2\/media?parent=4957"}],"curies":[{"name":"wp","href":"https:\/\/api.w.org\/{rel}","templated":true}]}}