{"id":4947,"date":"2015-11-12T17:28:23","date_gmt":"2015-11-12T16:28:23","guid":{"rendered":"https:\/\/website.polishcitizenship.pl\/pt-pt\/home\/"},"modified":"2023-08-10T21:42:59","modified_gmt":"2023-08-10T19:42:59","slug":"home","status":"publish","type":"page","link":"https:\/\/polishcitizenship.pl\/pt-pt\/","title":{"rendered":"Home"},"content":{"rendered":"<section id=\"eluid542d450b\" class=\"zn_section eluid542d450b section--no\">\n<div class=\"zn_section_size container\">\n<div class=\"row zn_columns_container zn_content\" data-droplevel=\"1\">\n<div class=\"eluid71d2bd4a col-md-12 col-sm-12 zn_sortable_content zn_content\" data-droplevel=\"2\">\n<div class=\"callout-banner clearfix eluid720f19f9 hidecocta calloutbanner--light element-scheme--light\">\n<div class=\"row\">\n<div class=\"col-sm-10\">\n<h2 class=\"m_title m_title_ext text-custom callout-banner-title\"><strong>A Consultoria Jur\u00eddica Online Mais Abrangente em Cidadania e Passaporte Europeu Polon\u00eas<\/strong><\/h2>\n<p>Desde 2003, n\u00f3s oferecemos consultoria em confirma\u00e7\u00e3o e obten\u00e7\u00e3o de <strong>cidadania polonesa<\/strong> por descend\u00eancia, bem como na solicita\u00e7\u00e3o do <strong>passaporte polon\u00eas europeu<\/strong> e assuntos correlatos. Por quase 14 anos, temos trabalhado para ajudar as pessoas de ascend\u00eancia polonesa de v\u00e1rios pa\u00edses a receber a cidadania polonesa e o passaporte europeu polon\u00eas. Nossa inigual\u00e1vel assessoria jur\u00eddica \u00e9 fornecida por especialistas independentes na \u00e1rea de cidadania polonesa, peritos experientes, advogados de diversas \u00e1reas do direito, pesquisadores de documentos, assim como as consultas e orienta\u00e7\u00f5es fornecidas pelas equipes das reparti\u00e7\u00f5es pertinentes do governo polon\u00eas.<\/p>\n<\/div>\n<\/div>\n<\/div>\n<div class=\"zn_custom_html eluida1570a0d\"><\/div>\n<div class=\"callout-banner clearfix eluid6e20e5b6 hidecocta calloutbanner--light element-scheme--light\">\n<div class=\"row\">\n<div class=\"col-sm-10\">\n<h3 class=\"m_title m_title_ext text-custom callout-banner-title\"><strong>Mais de 20 Milh\u00f5es de Pessoas de Ascend\u00eancia Polonesa<\/strong><\/h3>\n<p>H\u00e1 mais de 20 milh\u00f5es de pessoas de ascend\u00eancia polonesa vivendo fora da Pol\u00f4nia hoje, que por sua vez tem uma popula\u00e7\u00e3o de 38,5 milh\u00f5es de habitantes. Isso significa que mais de 1\/3 dos poloneses e pessoas com ascend\u00eancia polonesa na verdade vivem fora do pa\u00eds. Por muitas gera\u00e7\u00f5es de agita\u00e7\u00e3o europeia, pessoas tem emigrado, deixando a Pol\u00f4nia, especialmente no s\u00e9culo 20. Desde 1989, no entanto, a qualidade de vida na Pol\u00f4nia tem mudado para melhor. Desde de 2004 a Pol\u00f4nia integra a Uni\u00e3o Europeia, sendo um dos seus maiores pa\u00edses. N\u00f3s apoiamos a ideia de uma Europa unida, e ser um cidad\u00e3o europeu \u00e9 um sonho amplamente realizado. Muitas pessoas de origem polonesa podem agora confirmar legalmente sua cidadania polonesa por ascend\u00eancia, e obter o passaporte europeu polon\u00eas como uma porta de entrada na UE.<\/p>\n<\/div>\n<\/div>\n<\/div>\n<div class=\"callout-banner clearfix eluidcecf917a hidecocta calloutbanner--light element-scheme--light\">\n<div class=\"row\">\n<div class=\"col-sm-10\">\n<h3 class=\"m_title m_title_ext text-custom callout-banner-title\"><strong>Benef\u00edcios da Cidadania Polonesa Europeia<\/strong><\/h3>\n<p>O sistema educacional na Europa \u00e9 excepcional e conta com as melhores escolas de educa\u00e7\u00e3o infantil e ensino fundamental, excelentes escolas de ensino m\u00e9dio, e algumas das melhores universidades do mundo. As mais recentes tecnologias na \u00e1rea m\u00e9dica e os melhores avan\u00e7os farmac\u00eauticos garantem que sua sa\u00fade estar\u00e1 em boas m\u00e3os na Europa. Com um passaporte polon\u00eas europeu voc\u00ea pode deslocar-se livremente, viaje, more e trabalhe em qualquer dos 28 pa\u00edses membros da UE. Empresas gozam de isen\u00e7\u00e3o de taxas de importa\u00e7\u00e3o e exporta\u00e7\u00e3o por todo o territ\u00f3rio dos pa\u00edses membros da Uni\u00e3o Europeia. E claro, n\u00f3s temos a Liga dos Campe\u00f5es da UEFA!<\/p>\n<\/div>\n<\/div>\n<\/div>\n<\/div>\n<\/div>\n<\/div>\n<\/section>\n<section id=\"eluidab288925\" class=\"zn_section eluidab288925 section--no\">\n<div class=\"zn_section_size container\">\n<div class=\"row zn_columns_container zn_content\" data-droplevel=\"1\">\n<div class=\"eluid6aa12c68 col-md-4 col-sm-4 zn_sortable_content zn_content\" data-droplevel=\"2\">\n<div class=\"box image-boxes image-boxes--4 imgboxes_style4 kl-title_style_left eluidcc99d984\">\n<h3 class=\"m_title m_title_ext text-custom imgboxes-title image-boxes-title\">Viva em qualquer pa\u00eds da <strong>Europa<\/strong><\/h3>\n<\/div>\n<\/div>\n<div class=\"eluidf95d891d col-md-4 col-sm-4 zn_sortable_content zn_content\" data-droplevel=\"2\">\n<div class=\"box image-boxes image-boxes--4 imgboxes_style4 kl-title_style_left eluid20ef1ad2\">\n<h3 class=\"m_title m_title_ext text-custom imgboxes-title image-boxes-title\">Seja um cidad\u00e3o da <strong>Uni\u00e3o Europeia<\/strong><\/h3>\n<\/div>\n<\/div>\n<div class=\"eluid363b3521 col-md-4 col-sm-4 zn_sortable_content zn_content\" data-droplevel=\"2\">\n<div class=\"box image-boxes image-boxes--4 imgboxes_style4 kl-title_style_left eluid71401ae7\">\n<h3 class=\"m_title m_title_ext text-custom imgboxes-title image-boxes-title\">Desfrute de um <strong>futuro melhor<\/strong><\/h3>\n<\/div>\n<\/div>\n<\/div>\n<\/div>\n<\/section>\n<section id=\"eluidcb239ac5\" class=\"zn_section eluidcb239ac5 section--no\">\n<div class=\"zn_section_size container\">\n<div class=\"row zn_columns_container zn_content\" data-droplevel=\"1\">\n<div class=\"eluid8f6c8bf4 col-md-12 col-sm-12 zn_sortable_content zn_content\" data-droplevel=\"2\">\n<div class=\"callout-banner clearfix eluidbccd4c36 calloutbanner--light element-scheme--light\">\n<div class=\"row\">\n<div class=\"col-sm-10\">\n<h3 class=\"m_title m_title_ext text-custom callout-banner-title\"><strong>Servi\u00e7o Melhor com Nosso Novo e Aprimorado Site<\/strong><\/h3>\n<div class=\"redtext\">Nosso novo site foi desenvolvido para fazer o procedimento inteiro de confirma\u00e7\u00e3o de cidadania polonesa por ascend\u00eancia compreens\u00edvel e l\u00f3gico. Basta seguir as abas para vislumbrar as informa\u00e7\u00f5es mais importantes e relevantes neste processo um tanto quanto complexo. Todas as informa\u00e7\u00f5es contidas s\u00e3o baseadas na legisla\u00e7\u00e3o polonesa atual, e o passo-a-passo descrito exatamente como ocorre na pr\u00e1tica.<\/div>\n<\/div>\n<div class=\"col-sm-2\"><a class=\"circlehover with-symbol kl-main-bgcolor kl-main-bgcolor-before style2\" title=\"Eligibility Test\" href=\"https:\/\/polishcitizenship.pl\/pt-pt\/elegibilidade-cidadania-polonesa\/#freeelegibilitycheck\" target=\"_self\" data-size=\"\" data-position=\"top-left\" data-align=\"right\" rel=\"noopener\"><span class=\"text circlehover-text u-trans-all-2s\">VERIFIQUE SUA ELEGIBILIDADE AGORA<\/span><span class=\"symbol u-trans-all-2s\"><img decoding=\"async\" class=\"circlehover-symbol-img\" src=\"https:\/\/polishcitizenship.pl\/wp-content\/themes\/kallyas\/images\/ok.png\" alt=\"\" \/><\/span><\/a><\/div>\n<\/div>\n<\/div>\n<div class=\"callout-banner clearfix eluida22ed034 hidecocta calloutbanner--light element-scheme--light\">\n<div class=\"row\">\n<div class=\"col-sm-10\">\n<h3 class=\"m_title m_title_ext text-custom callout-banner-title\"><strong>Somente Depoimentos Honestos e Verdadeiros<\/strong><\/h3>\n<p>Leia o que as pessoas que j\u00e1 se beneficiaram dos nossos servi\u00e7os escreveram sobre nosso trabalho. Ao longo dos anos representamos centenas de fam\u00edlias do mundo todo. Muitos de nossos clientes aceitaram gentilmente compartilhar suas experi\u00eancias e confirmar tanto nossas credenciais quanto a qualidade de nossa assessoria jur\u00eddica. Al\u00e9m disso, alguns de nossos clientes concordaram em auxili\u00e1-lo em alguns assuntos mais complicados, como obter certos documentos no seu pa\u00eds de origem e a certific\u00e1-los propriamente. Leia mais aqui:<a href=\"https:\/\/polishcitizenship.pl\/pt-pt\/depoimentos\/\">DEPOIMENTOS<\/a>.<\/p>\n<\/div>\n<p><i><span style=\"font-weight: 400;\">Fiquei muito satisfeito desde o primeiro contato, atrav\u00e9s do site polishcitizenship.pl, at\u00e9 o final, com a conduta profissional e a elevada qualidade de sua assessoria jur\u00eddica.<\/span><\/i><\/p>\n<div class=\"col-sm-10\">\n<p><strong>\u00a0<\/strong><\/p>\n<h2><strong>Como Voc\u00ea Adquire Passaporte Europeu Atrav\u00e9s da Ascend\u00eancia Polonesa?<\/strong><\/h2>\n<\/div>\n<\/div>\n<\/div>\n<div class=\"callout-banner clearfix eluidb59d0b83 hidecocta calloutbanner--light element-scheme--light\">\n<div class=\"row\">\n<div class=\"col-sm-10\">\n<p>Tudo se resume a <a href=\"https:\/\/polishcitizenship.pl\/pt-pt\/elegibilidade-cidadania-polonesa\/\">ELEGIBILIDADE<\/a> e <a href=\"https:\/\/polishcitizenship.pl\/pt-pt\/cidadania_polonesa_documentos\/\">DOCUMENTOS<\/a>, e obviamente, boa representa\u00e7\u00e3o jur\u00eddica na Pol\u00f4nia. N\u00f3s vamos verificar e confirmar se voc\u00ea preenche os requisitos necess\u00e1rios para ter o direito a cidadania polonesa por descend\u00eancia ou n\u00e3o. O passo seguinte \u00e9 providenciar os documentos poloneses pr\u00f3prios (emitidos na Pol\u00f4nia pelas autoridades polonesas ap\u00f3s 1920) para comprovar o seu caso. Iremos gui\u00e1-lo passo a passo por todo o <a href=\"https:\/\/website.polishcitizenship.pl\/pt-pt\/o_processo\/\">PROCESSO<\/a>, at\u00e9 que voc\u00ea tenha o <a href=\"https:\/\/polishcitizenship.pl\/pt-pt\/passporte_polones_europeu\/\">PASSAPORTE<\/a> europeu polon\u00eas nas m\u00e3os.<\/p>\n<\/div>\n<\/div>\n<\/div>\n<\/div>\n<\/div>\n<\/div>\n<\/section>\n","protected":false},"excerpt":{"rendered":"<p>A Consultoria Jur\u00eddica Online Mais Abrangente em Cidadania e Passaporte Europeu Polon\u00eas Desde 2003, n\u00f3s oferecemos consultoria em confirma\u00e7\u00e3o e obten\u00e7\u00e3o de cidadania polonesa por descend\u00eancia, bem como na solicita\u00e7\u00e3o do passaporte polon\u00eas europeu e assuntos correlatos. Por quase 14 anos, temos trabalhado para ajudar as pessoas de ascend\u00eancia polonesa de v\u00e1rios pa\u00edses a receber<\/p>\n","protected":false},"author":23,"featured_media":5182,"parent":0,"menu_order":0,"comment_status":"closed","ping_status":"open","template":"","meta":{"two_page_speed":[],"footnotes":""},"class_list":["post-4947","page","type-page","status-publish","has-post-thumbnail","hentry"],"aioseo_notices":[],"_links":{"self":[{"href":"https:\/\/polishcitizenship.pl\/pt-pt\/wp-json\/wp\/v2\/pages\/4947","targetHints":{"allow":["GET"]}}],"collection":[{"href":"https:\/\/polishcitizenship.pl\/pt-pt\/wp-json\/wp\/v2\/pages"}],"about":[{"href":"https:\/\/polishcitizenship.pl\/pt-pt\/wp-json\/wp\/v2\/types\/page"}],"author":[{"embeddable":true,"href":"https:\/\/polishcitizenship.pl\/pt-pt\/wp-json\/wp\/v2\/users\/23"}],"replies":[{"embeddable":true,"href":"https:\/\/polishcitizenship.pl\/pt-pt\/wp-json\/wp\/v2\/comments?post=4947"}],"version-history":[{"count":0,"href":"https:\/\/polishcitizenship.pl\/pt-pt\/wp-json\/wp\/v2\/pages\/4947\/revisions"}],"wp:featuredmedia":[{"embeddable":true,"href":"https:\/\/polishcitizenship.pl\/pt-pt\/wp-json\/wp\/v2\/media\/5182"}],"wp:attachment":[{"href":"https:\/\/polishcitizenship.pl\/pt-pt\/wp-json\/wp\/v2\/media?parent=4947"}],"curies":[{"name":"wp","href":"https:\/\/api.w.org\/{rel}","templated":true}]}}